{"id":192,"date":"2024-10-22T14:48:51","date_gmt":"2024-10-22T12:48:51","guid":{"rendered":"https:\/\/wmc.paris\/?page_id=192"},"modified":"2026-02-15T12:43:34","modified_gmt":"2026-02-15T11:43:34","slug":"adhesion","status":"publish","type":"page","link":"https:\/\/wmc.paris\/index.php\/adhesion\/","title":{"rendered":"Adh\u00e9sion"},"content":{"rendered":"<div>\n<h2 data-start=\"204\" data-end=\"231\" style=\"text-align: center;\">Pourquoi adh\u00e9rer \u00e0 WMC ?<\/h2>\n<h2 data-start=\"233\" data-end=\"262\" style=\"text-align: center;\">Une communaut\u00e9 avant tout<\/h2>\n<h2 data-start=\"263\" data-end=\"504\" style=\"text-align: center;\"><strong data-start=\"263\" data-end=\"270\">WMC<\/strong>, c\u2019est avant tout une communaut\u00e9 de passionn\u00e9s r\u00e9unis autour du ride et de la mobilit\u00e9 \u00e9lectrique.<\/h2>\n<\/div>\n<div>\n<h3 data-start=\"1850\" data-end=\"1875\" style=\"text-align: center;\">WMC, c\u2019est gratuit.<\/h3>\n<h3 data-start=\"1876\" data-end=\"1906\" style=\"text-align: center;\">WMC, c\u2019est l\u2019engagement.<\/h3>\n<h3 data-start=\"1907\" data-end=\"1957\" style=\"text-align: center;\">WMC, c\u2019est une communaut\u00e9 qui avance ensemble.<\/h3>\n<\/div>\n<p><video src=\"\/wp-content\/uploads\/2025\/11\/wmc2025.mp4\" poster=\"\"><\/video><\/p>\n<div>\n<h3 data-start=\"506\" data-end=\"550\" style=\"text-align: center;\">Une adh\u00e9sion gratuite, et qui le restera<\/h3>\n<p data-start=\"551\" data-end=\"686\" style=\"text-align: center;\">Chez <strong data-start=\"556\" data-end=\"563\">WMC<\/strong>, l\u2019adh\u00e9sion est <strong data-start=\"580\" data-end=\"604\">enti\u00e8rement gratuite<\/strong>.<br data-start=\"605\" data-end=\"608\" \/>Ce n\u2019est pas une offre temporaire, ni une strat\u00e9gie : <strong data-start=\"662\" data-end=\"685\">c\u2019est un choix fort<\/strong>.<\/p>\n<p data-start=\"688\" data-end=\"872\" style=\"text-align: center;\">Nous croyons qu\u2019une communaut\u00e9 doit \u00eatre ouverte \u00e0 tous, sans barri\u00e8re financi\u00e8re.<br data-start=\"770\" data-end=\"773\" \/>Et cet engagement, nous le prenons sur le long terme : <strong data-start=\"828\" data-end=\"871\">la gratuit\u00e9 fait partie de l\u2019ADN de WMC<\/strong>.<\/p>\n<h3 data-start=\"874\" data-end=\"907\" style=\"text-align: center;\">Le vrai moteur : l\u2019engagement<\/h3>\n<p data-start=\"908\" data-end=\"989\" style=\"text-align: center;\">Le moteur de WMC, ce n\u2019est pas l\u2019argent.<br data-start=\"948\" data-end=\"951\" \/>C\u2019est <strong data-start=\"957\" data-end=\"988\">l\u2019engagement de ses membres<\/strong>.<\/p>\n<p data-start=\"991\" data-end=\"1203\" style=\"text-align: center;\">Participer aux sorties, aider \u00e0 l\u2019organisation, partager son exp\u00e9rience, proposer des id\u00e9es, respecter les autres, faire vivre la communaut\u00e9\u2026<br data-start=\"1132\" data-end=\"1135\" \/>Chacun contribue \u00e0 sa mani\u00e8re, selon ses envies et ses possibilit\u00e9s.<\/p>\n<h3 data-start=\"1205\" data-end=\"1245\" style=\"text-align: center;\">Rouler ensemble, construire ensemble<\/h3>\n<p data-start=\"1246\" data-end=\"1451\" style=\"text-align: center;\">WMC organise des sorties, des rencontres et des \u00e9v\u00e9nements tout au long de l\u2019ann\u00e9e.<br data-start=\"1329\" data-end=\"1332\" \/>Ces moments permettent de rouler ensemble, de progresser, de gagner en s\u00e9curit\u00e9 et de renforcer les liens entre riders.<\/p>\n<p data-start=\"1453\" data-end=\"1550\" style=\"text-align: center;\">C\u2019est gr\u00e2ce \u00e0 l\u2019implication collective que ces activit\u00e9s existent et continuent de se d\u00e9velopper.<\/p>\n<h3 data-start=\"1552\" data-end=\"1593\" style=\"text-align: center;\">Une association bas\u00e9e sur des valeurs<\/h3>\n<p data-start=\"1594\" data-end=\"1616\" style=\"text-align: center;\">Adh\u00e9rer \u00e0 WMC, c\u2019est :<\/p>\n<p data-start=\"1619\" data-end=\"1666\" style=\"text-align: center;\">rejoindre une communaut\u00e9 ouverte et inclusive<\/p>\n<p data-start=\"1669\" data-end=\"1711\" style=\"text-align: center;\">soutenir un projet collectif et b\u00e9n\u00e9vole<\/p>\n<p data-start=\"1714\" data-end=\"1784\" style=\"text-align: center;\">participer au d\u00e9veloppement et \u00e0 la reconnaissance de notre pratique<\/p>\n<p data-start=\"1787\" data-end=\"1843\" style=\"text-align: center;\">partager une passion commune, sans contrainte financi\u00e8re<\/p>\n<h3 data-start=\"1907\" data-end=\"1957\" style=\"text-align: center;\"><\/h3>\n<\/div>\n<h1>Comment Adh\u00e9rer au Wheelers Master Crew\u00a0 ?<\/h1>\n<div>\n<h3>Simplement remplissez le formulaire d\u2019adh\u00e9sion ci-dessous !<\/p>\n<p><strong>C\u2019est totalement gratuit et ouvert \u00e0 tous.<\/strong><\/h3>\n<\/div>\n<hr>\n<div>\n<p>    <center><div class=\"wpforms-container wpforms-container-full wpforms-render-modern\" id=\"wpforms-189\"><form id=\"wpforms-form-189\" class=\"wpforms-validate wpforms-form wpforms-ajax-form\" data-formid=\"189\" method=\"post\" enctype=\"multipart\/form-data\" action=\"\/index.php\/wp-json\/wp\/v2\/pages\/192\" data-token=\"635b9f930b55562fdf11b3183eeff275\" data-token-time=\"1776522293\"><noscript class=\"wpforms-error-noscript\">Veuillez activer JavaScript dans votre navigateur pour remplir ce formulaire.<\/noscript><div class=\"wpforms-hidden\" id=\"wpforms-error-noscript\">Veuillez activer JavaScript dans votre navigateur pour remplir ce formulaire.<\/div><div class=\"wpforms-field-container\"><div id=\"wpforms-189-field_1-container\" class=\"wpforms-field wpforms-field-name\" data-field-id=\"1\"><fieldset><legend class=\"wpforms-field-label\">Nom <span class=\"wpforms-required-label\" aria-hidden=\"true\">*<\/span><\/legend><div class=\"wpforms-field-row wpforms-field-medium\"><div class=\"wpforms-field-row-block wpforms-first wpforms-one-half\"><input type=\"text\" id=\"wpforms-189-field_1\" class=\"wpforms-field-name-first wpforms-field-required\" name=\"wpforms[fields][1][first]\" placeholder=\"Pr\u00e9nom\" aria-errormessage=\"wpforms-189-field_1-error\" required><label for=\"wpforms-189-field_1\" class=\"wpforms-field-sublabel after wpforms-sublabel-hide\">Pr\u00e9nom<\/label><\/div><div class=\"wpforms-field-row-block wpforms-one-half\"><input type=\"text\" id=\"wpforms-189-field_1-last\" class=\"wpforms-field-name-last wpforms-field-required\" name=\"wpforms[fields][1][last]\" placeholder=\"Nom\" aria-errormessage=\"wpforms-189-field_1-last-error\" required><label for=\"wpforms-189-field_1-last\" class=\"wpforms-field-sublabel after wpforms-sublabel-hide\">Nom<\/label><\/div><\/div><\/fieldset><\/div><div id=\"wpforms-189-field_2-container\" class=\"wpforms-field wpforms-field-email\" data-field-id=\"2\"><label class=\"wpforms-field-label\" for=\"wpforms-189-field_2\">E-mail <span class=\"wpforms-required-label\" aria-hidden=\"true\">*<\/span><\/label><input type=\"email\" id=\"wpforms-189-field_2\" class=\"wpforms-field-medium wpforms-field-required\" name=\"wpforms[fields][2]\" placeholder=\"Email\" spellcheck=\"false\" aria-errormessage=\"wpforms-189-field_2-error\" aria-describedby=\"wpforms-189-field_2-description\" required><div id=\"wpforms-189-field_2-description\" class=\"wpforms-field-description\">Indiquez votre E-mail\n<\/div><\/div><div id=\"wpforms-189-field_9-container\" class=\"wpforms-field wpforms-field-text\" data-field-id=\"9\"><label class=\"wpforms-field-label\" for=\"wpforms-189-field_9\">Ville <span class=\"wpforms-required-label\" aria-hidden=\"true\">*<\/span><\/label><input type=\"text\" id=\"wpforms-189-field_9\" class=\"wpforms-field-medium wpforms-field-required\" name=\"wpforms[fields][9]\" placeholder=\"Ville\" aria-errormessage=\"wpforms-189-field_9-error\" aria-describedby=\"wpforms-189-field_9-description\" required><div id=\"wpforms-189-field_9-description\" class=\"wpforms-field-description\">Dans quelle ville r\u00e9sidez vous ?<\/div><\/div><\/div><!-- .wpforms-field-container --><div class=\"wpforms-recaptcha-container wpforms-is-recaptcha wpforms-is-recaptcha-type-v3\" ><input type=\"hidden\" name=\"wpforms[recaptcha]\" value=\"\"><\/div><div class=\"wpforms-submit-container\" ><input type=\"hidden\" name=\"wpforms[id]\" value=\"189\"><input type=\"hidden\" name=\"page_title\" value=\"\"><input type=\"hidden\" name=\"page_url\" value=\"https:\/\/wmc.paris\/index.php\/wp-json\/wp\/v2\/pages\/192\"><input type=\"hidden\" name=\"url_referer\" value=\"\"><button type=\"submit\" name=\"wpforms[submit]\" id=\"wpforms-submit-189\" class=\"wpforms-submit\" data-alt-text=\"Envoi...\" data-submit-text=\"Envoyer\" aria-live=\"assertive\" value=\"wpforms-submit\">Envoyer<\/button><img loading=\"lazy\" decoding=\"async\" src=\"https:\/\/wmc.paris\/wp-content\/plugins\/wpforms\/assets\/images\/submit-spin.svg\" class=\"wpforms-submit-spinner\" style=\"display: none;\" width=\"26\" height=\"26\" alt=\"Chargement en cours\"><\/div><\/form><\/div>  <!-- .wpforms-container --><\/center>\n<\/div>\n<p>\n    <a href=\"\/index.php\">Revenir \u00e0 la page d&rsquo;accueil<\/a>\n<\/p>\n<p><!--more--><br \/>\n<!-- {\"type\":\"layout\",\"children\":[{\"type\":\"section\",\"props\":{\"animation\":\"scale-up\",\"animation_delay\":\"500\",\"image\":\"wp-content\\\/uploads\\\/2025\\\/11\\\/480829532_944018801235318_5850043395720334767_n.jpg\",\"image_position\":\"center-center\",\"image_size\":\"height-1-1\",\"media_overlay\":\"rgba(255, 255, 255, 0.94)\",\"style\":\"muted\",\"title_breakpoint\":\"xl\",\"title_position\":\"top-left\",\"title_rotation\":\"left\",\"vertical_align\":\"middle\",\"width\":\"default\"},\"children\":[{\"type\":\"row\",\"children\":[{\"type\":\"column\",\"props\":{\"image_position\":\"center-center\",\"position_sticky_breakpoint\":\"m\"},\"children\":[{\"type\":\"text\",\"props\":{\"column_breakpoint\":\"m\",\"content\":\"\n\n<h2 data-start=\\\"204\\\" data-end=\\\"231\\\" style=\\\"text-align: center;\\\">Pourquoi adh\\u00e9rer \\u00e0 WMC ?<\\\/h2>\\n\n\n<h2 data-start=\\\"233\\\" data-end=\\\"262\\\" style=\\\"text-align: center;\\\">Une communaut\\u00e9 avant tout<\\\/h2>\\n\n\n<h2 data-start=\\\"263\\\" data-end=\\\"504\\\" style=\\\"text-align: center;\\\"><strong data-start=\\\"263\\\" data-end=\\\"270\\\">WMC<\\\/strong>, c\\u2019est avant tout une communaut\\u00e9 de passionn\\u00e9s r\\u00e9unis autour du ride et de la mobilit\\u00e9 \\u00e9lectrique.<\\\/h2>\",\"margin\":\"default\",\"text_style\":\"meta\"}}]}]},{\"type\":\"row\",\"props\":{\"layout\":\"1-2,1-2\"},\"children\":[{\"type\":\"column\",\"props\":{\"image_position\":\"center-center\",\"position_sticky_breakpoint\":\"m\",\"vertical_align\":\"middle\",\"width_medium\":\"1-2\"},\"children\":[{\"type\":\"text\",\"props\":{\"column_breakpoint\":\"\",\"content\":\"\n\n<h3 data-start=\\\"1850\\\" data-end=\\\"1875\\\" style=\\\"text-align: center;\\\">WMC, c\\u2019est gratuit.<\\\/h3>\\n\n\n<h3 data-start=\\\"1876\\\" data-end=\\\"1906\\\" style=\\\"text-align: center;\\\">WMC, c\\u2019est l\\u2019engagement.<\\\/h3>\\n\n\n<h3 data-start=\\\"1907\\\" data-end=\\\"1957\\\" style=\\\"text-align: center;\\\">WMC, c\\u2019est une communaut\\u00e9 qui avance ensemble.<\\\/h3>\",\"margin\":\"default\",\"text_color\":\"muted\",\"text_style\":\"lead\"}}]},{\"type\":\"column\",\"props\":{\"image_position\":\"center-center\",\"position_sticky_breakpoint\":\"m\",\"width_medium\":\"1-2\"},\"children\":[{\"type\":\"video\",\"props\":{\"margin\":\"default\",\"video\":\"wp-content\\\/uploads\\\/2025\\\/11\\\/wmc2025.mp4\",\"video_autoplay\":true,\"video_controls\":false,\"video_loop\":true,\"video_muted\":true,\"video_playsinline\":true}}]}]},{\"type\":\"row\",\"children\":[{\"type\":\"column\",\"props\":{\"image_position\":\"center-center\",\"position_sticky_breakpoint\":\"m\"},\"children\":[{\"type\":\"text\",\"props\":{\"column_breakpoint\":\"m\",\"content\":\"\n\n<h3 data-start=\\\"506\\\" data-end=\\\"550\\\" style=\\\"text-align: center;\\\">Une adh\\u00e9sion gratuite, et qui le restera<\\\/h3>\\n\n\n<p data-start=\\\"551\\\" data-end=\\\"686\\\" style=\\\"text-align: center;\\\">Chez <strong data-start=\\\"556\\\" data-end=\\\"563\\\">WMC<\\\/strong>, l\\u2019adh\\u00e9sion est <strong data-start=\\\"580\\\" data-end=\\\"604\\\">enti\\u00e8rement gratuite<\\\/strong>.<br data-start=\\\"605\\\" data-end=\\\"608\\\" \\\/>Ce n\\u2019est pas une offre temporaire, ni une strat\\u00e9gie : <strong data-start=\\\"662\\\" data-end=\\\"685\\\">c\\u2019est un choix fort<\\\/strong>.<\\\/p>\\n\n\n<p data-start=\\\"688\\\" data-end=\\\"872\\\" style=\\\"text-align: center;\\\">Nous croyons qu\\u2019une communaut\\u00e9 doit \\u00eatre ouverte \\u00e0 tous, sans barri\\u00e8re financi\\u00e8re.<br data-start=\\\"770\\\" data-end=\\\"773\\\" \\\/>Et cet engagement, nous le prenons sur le long terme : <strong data-start=\\\"828\\\" data-end=\\\"871\\\">la gratuit\\u00e9 fait partie de l\\u2019ADN de WMC<\\\/strong>.<\\\/p>\\n\n\n<h3 data-start=\\\"874\\\" data-end=\\\"907\\\" style=\\\"text-align: center;\\\">Le vrai moteur : l\\u2019engagement<\\\/h3>\\n\n\n<p data-start=\\\"908\\\" data-end=\\\"989\\\" style=\\\"text-align: center;\\\">Le moteur de WMC, ce n\\u2019est pas l\\u2019argent.<br data-start=\\\"948\\\" data-end=\\\"951\\\" \\\/>C\\u2019est <strong data-start=\\\"957\\\" data-end=\\\"988\\\">l\\u2019engagement de ses membres<\\\/strong>.<\\\/p>\\n\n\n<p data-start=\\\"991\\\" data-end=\\\"1203\\\" style=\\\"text-align: center;\\\">Participer aux sorties, aider \\u00e0 l\\u2019organisation, partager son exp\\u00e9rience, proposer des id\\u00e9es, respecter les autres, faire vivre la communaut\\u00e9\\u2026<br data-start=\\\"1132\\\" data-end=\\\"1135\\\" \\\/>Chacun contribue \\u00e0 sa mani\\u00e8re, selon ses envies et ses possibilit\\u00e9s.<\\\/p>\\n\n\n<h3 data-start=\\\"1205\\\" data-end=\\\"1245\\\" style=\\\"text-align: center;\\\">Rouler ensemble, construire ensemble<\\\/h3>\\n\n\n<p data-start=\\\"1246\\\" data-end=\\\"1451\\\" style=\\\"text-align: center;\\\">WMC organise des sorties, des rencontres et des \\u00e9v\\u00e9nements tout au long de l\\u2019ann\\u00e9e.<br data-start=\\\"1329\\\" data-end=\\\"1332\\\" \\\/>Ces moments permettent de rouler ensemble, de progresser, de gagner en s\\u00e9curit\\u00e9 et de renforcer les liens entre riders.<\\\/p>\\n\n\n<p data-start=\\\"1453\\\" data-end=\\\"1550\\\" style=\\\"text-align: center;\\\">C\\u2019est gr\\u00e2ce \\u00e0 l\\u2019implication collective que ces activit\\u00e9s existent et continuent de se d\\u00e9velopper.<\\\/p>\\n\n\n<h3 data-start=\\\"1552\\\" data-end=\\\"1593\\\" style=\\\"text-align: center;\\\">Une association bas\\u00e9e sur des valeurs<\\\/h3>\\n\n\n<p data-start=\\\"1594\\\" data-end=\\\"1616\\\" style=\\\"text-align: center;\\\">Adh\\u00e9rer \\u00e0 WMC, c\\u2019est :<\\\/p>\\n\n\n<p data-start=\\\"1619\\\" data-end=\\\"1666\\\" style=\\\"text-align: center;\\\">rejoindre une communaut\\u00e9 ouverte et inclusive<\\\/p>\\n\n\n<p data-start=\\\"1669\\\" data-end=\\\"1711\\\" style=\\\"text-align: center;\\\">soutenir un projet collectif et b\\u00e9n\\u00e9vole<\\\/p>\\n\n\n<p data-start=\\\"1714\\\" data-end=\\\"1784\\\" style=\\\"text-align: center;\\\">participer au d\\u00e9veloppement et \\u00e0 la reconnaissance de notre pratique<\\\/p>\\n\n\n<p data-start=\\\"1787\\\" data-end=\\\"1843\\\" style=\\\"text-align: center;\\\">partager une passion commune, sans contrainte financi\\u00e8re<\\\/p>\\n\n\n<h3 data-start=\\\"1907\\\" data-end=\\\"1957\\\" style=\\\"text-align: center;\\\"><\\\/h3>\",\"margin\":\"default\"}}]}]}]},{\"type\":\"section\",\"props\":{\"animation\":\"slide-top\",\"animation_delay\":\"100\",\"image_position\":\"center-left\",\"image_size\":\"cover\",\"media_overlay\":\"rgba(255, 255, 255, 0.94)\",\"style\":\"default\",\"title_breakpoint\":\"xl\",\"title_position\":\"top-left\",\"title_rotation\":\"left\",\"vertical_align\":\"\",\"width\":\"small\"},\"children\":[{\"type\":\"row\",\"props\":{\"match\":false},\"children\":[{\"type\":\"column\",\"props\":{\"image_position\":\"center-center\",\"position_sticky_breakpoint\":\"m\"},\"children\":[{\"type\":\"headline\",\"props\":{\"content\":\"Comment Adh\\u00e9rer au Wheelers Master Crew\\u00a0 ?\",\"text_align\":\"center\",\"title_element\":\"h1\",\"title_style\":\"h3\"}},{\"type\":\"text\",\"props\":{\"column_breakpoint\":\"m\",\"content\":\"\n\n<h3>Simplement remplissez le formulaire d\\u2019adh\\u00e9sion ci-dessous !<br \\\/><br \\\/><strong>C\\u2019est totalement gratuit et ouvert \\u00e0 tous.<\\\/strong><\\\/h3>\",\"margin\":\"default\",\"text_align\":\"center\"}},{\"type\":\"divider\",\"props\":{\"divider_element\":\"hr\"}},{\"type\":\"html\",\"props\":{\"content\":\"<center>[wpforms id=\\\"189\\\"]<\\\/center>\"}}]}]},{\"type\":\"row\",\"children\":[{\"type\":\"column\",\"props\":{\"image_position\":\"center-center\",\"position_sticky_breakpoint\":\"m\"},\"children\":[{\"type\":\"button\",\"props\":{\"grid_column_gap\":\"small\",\"grid_row_gap\":\"small\",\"margin\":\"default\",\"text_align\":\"center\"},\"children\":[{\"type\":\"button_item\",\"props\":{\"button_style\":\"primary\",\"content\":\"Revenir \\u00e0 la page d'accueil\",\"icon_align\":\"left\",\"link\":\"\\\/index.php\"}}]}]}]}]}],\"version\":\"4.4.16\"} --><\/p>\n","protected":false},"excerpt":{"rendered":"<p>Pourquoi adh\u00e9rer \u00e0 WMC ? Une communaut\u00e9 avant tout WMC, c\u2019est avant tout une communaut\u00e9 de passionn\u00e9s r\u00e9unis autour du ride et de la mobilit\u00e9 \u00e9lectrique. WMC, c\u2019est gratuit. WMC, c\u2019est l\u2019engagement. WMC, c\u2019est une communaut\u00e9 qui avance ensemble. Une adh\u00e9sion gratuite, et qui le restera Chez WMC, l\u2019adh\u00e9sion est enti\u00e8rement gratuite.Ce n\u2019est pas une [&hellip;]<\/p>\n","protected":false},"author":1,"featured_media":0,"parent":0,"menu_order":0,"comment_status":"closed","ping_status":"closed","template":"","meta":{"footnotes":""},"class_list":["post-192","page","type-page","status-publish","hentry"],"_links":{"self":[{"href":"https:\/\/wmc.paris\/index.php\/wp-json\/wp\/v2\/pages\/192","targetHints":{"allow":["GET"]}}],"collection":[{"href":"https:\/\/wmc.paris\/index.php\/wp-json\/wp\/v2\/pages"}],"about":[{"href":"https:\/\/wmc.paris\/index.php\/wp-json\/wp\/v2\/types\/page"}],"author":[{"embeddable":true,"href":"https:\/\/wmc.paris\/index.php\/wp-json\/wp\/v2\/users\/1"}],"replies":[{"embeddable":true,"href":"https:\/\/wmc.paris\/index.php\/wp-json\/wp\/v2\/comments?post=192"}],"version-history":[{"count":42,"href":"https:\/\/wmc.paris\/index.php\/wp-json\/wp\/v2\/pages\/192\/revisions"}],"predecessor-version":[{"id":913,"href":"https:\/\/wmc.paris\/index.php\/wp-json\/wp\/v2\/pages\/192\/revisions\/913"}],"wp:attachment":[{"href":"https:\/\/wmc.paris\/index.php\/wp-json\/wp\/v2\/media?parent=192"}],"curies":[{"name":"wp","href":"https:\/\/api.w.org\/{rel}","templated":true}]}}